{"id":3377,"date":"2024-09-13T10:42:29","date_gmt":"2024-09-13T10:42:29","guid":{"rendered":"https:\/\/festoonmedia.com\/dev\/?post_type=product&#038;p=3377"},"modified":"2025-01-07T11:16:35","modified_gmt":"2025-01-07T11:16:35","slug":"manteau-harris-tweed-navy","status":"publish","type":"product","link":"https:\/\/festoonmedia.com\/dev\/product\/manteau-harris-tweed-navy\/","title":{"rendered":"MANTEAU HARRIS TWEED NAVY"},"content":{"rendered":"\t\t<div data-elementor-type=\"wp-post\" data-elementor-id=\"3377\" class=\"elementor elementor-3377\" data-elementor-post-type=\"product\">\n\t\t\t\t\t\t<section class=\"elementor-section elementor-top-section elementor-element elementor-element-6e1631b elementor-section-boxed elementor-section-height-default elementor-section-height-default\" data-id=\"6e1631b\" data-element_type=\"section\">\n\t\t\t\t\t\t<div class=\"elementor-container elementor-column-gap-no\">\n\t\t\t\t\t<div class=\"elementor-column elementor-col-100 elementor-top-column elementor-element elementor-element-70031b0\" data-id=\"70031b0\" data-element_type=\"column\">\n\t\t\t<div class=\"elementor-widget-wrap elementor-element-populated\">\n\t\t\t\t\t\t<div class=\"elementor-element elementor-element-0657ec8 elementor-widget elementor-widget-text-editor\" data-id=\"0657ec8\" data-element_type=\"widget\" data-widget_type=\"text-editor.default\">\n\t\t\t\t<div class=\"elementor-widget-container\">\n\t\t\t\t\t\t\t\t\tTellus mus ullamcorper blandit quisque amet, pellentesque ut facilisis vitae. Ut convallis ac morbi viverra dolor in vestibulum, quam. Egestas molestie adipiscing ut eget nec at ullamcorper tellus. Cursus eu eu et vitae vitae ac at. Et risus mi non sit. Aliquet rhoncus dapibus lectus quam nisi, semper ultrices. \t\t\t\t\t\t\t\t<\/div>\n\t\t\t\t<\/div>\n\t\t\t\t\t<\/div>\n\t\t<\/div>\n\t\t\t\t\t<\/div>\n\t\t<\/section>\n\t\t\t\t<section class=\"elementor-section elementor-top-section elementor-element elementor-element-288b1b8 elementor-section-boxed elementor-section-height-default elementor-section-height-default\" data-id=\"288b1b8\" data-element_type=\"section\">\n\t\t\t\t\t\t<div class=\"elementor-container elementor-column-gap-no\">\n\t\t\t\t\t<div class=\"elementor-column elementor-col-50 elementor-top-column elementor-element elementor-element-d437bc0\" data-id=\"d437bc0\" data-element_type=\"column\">\n\t\t\t<div class=\"elementor-widget-wrap elementor-element-populated\">\n\t\t\t\t\t\t<div class=\"elementor-element elementor-element-bed40b4 elementor-widget elementor-widget-etheme_icon_list\" data-id=\"bed40b4\" data-element_type=\"widget\" data-widget_type=\"etheme_icon_list.default\">\n\t\t\t\t<div class=\"elementor-widget-container\">\n\t\t\t\t\t            <div class=\"etheme-icon-list\">\r\n                                        <div class=\"etheme-icon-list-item elementor-repeater-item-398a8d5\">\r\n                                                        \r\n                            <span class=\"etheme-icon-list-item-text\">\r\n                                <span class=\"weight-500\">CBD:<\/span> 17.00%                            <\/span>\r\n                                                    <\/div>\r\n                                            <div class=\"etheme-icon-list-item elementor-repeater-item-88fa5c1\">\r\n                                                        \r\n                            <span class=\"etheme-icon-list-item-text\">\r\n                                <span class=\"weight-500\">Total Cannabinoids:<\/span> 21.66%                            <\/span>\r\n                                                    <\/div>\r\n                                            <div class=\"etheme-icon-list-item elementor-repeater-item-5a59d6d\">\r\n                                                        \r\n                            <span class=\"etheme-icon-list-item-text\">\r\n                                <span class=\"weight-500\">Terpenes:<\/span> 2.31%                            <\/span>\r\n                                                    <\/div>\r\n                                <\/div>\r\n        \r\n        \t\t\t\t<\/div>\n\t\t\t\t<\/div>\n\t\t\t\t\t<\/div>\n\t\t<\/div>\n\t\t\t\t<div class=\"elementor-column elementor-col-50 elementor-top-column elementor-element elementor-element-a954d25\" data-id=\"a954d25\" data-element_type=\"column\">\n\t\t\t<div class=\"elementor-widget-wrap elementor-element-populated\">\n\t\t\t\t\t\t<div class=\"elementor-element elementor-element-50f8ccb9 elementor-widget elementor-widget-etheme_icon_list\" data-id=\"50f8ccb9\" data-element_type=\"widget\" data-widget_type=\"etheme_icon_list.default\">\n\t\t\t\t<div class=\"elementor-widget-container\">\n\t\t\t\t\t            <div class=\"etheme-icon-list\">\r\n                                        <div class=\"etheme-icon-list-item elementor-repeater-item-398a8d5\">\r\n                                                        \r\n                            <span class=\"etheme-icon-list-item-text\">\r\n                                <span class=\"weight-500\">Flavor: <\/span> Indica                            <\/span>\r\n                                                    <\/div>\r\n                                            <div class=\"etheme-icon-list-item elementor-repeater-item-88fa5c1\">\r\n                                                        \r\n                            <span class=\"etheme-icon-list-item-text\">\r\n                                <span class=\"weight-500\">Preferred Time of Use: <\/span> Evening, Night                            <\/span>\r\n                                                    <\/div>\r\n                                            <div class=\"etheme-icon-list-item elementor-repeater-item-5a59d6d\">\r\n                                                        \r\n                            <span class=\"etheme-icon-list-item-text\">\r\n                                <span class=\"weight-500\">Feel:<\/span> Relaxing, Ease, Calm                            <\/span>\r\n                                                    <\/div>\r\n                                <\/div>\r\n        \r\n        \t\t\t\t<\/div>\n\t\t\t\t<\/div>\n\t\t\t\t\t<\/div>\n\t\t<\/div>\n\t\t\t\t\t<\/div>\n\t\t<\/section>\n\t\t\t\t<\/div>\n\t\t","protected":false},"excerpt":{"rendered":"<p>Ce manteau \u00e0 boutonnage crois\u00e9 est d\u2019inspiration masculine et est confectionn\u00e9 en HARRIS TWEED authentique.<br \/>\nLe HARRIS TWEED, en pure laine vierge, tiss\u00e9 \u00e0 la main sur des m\u00e9tiers traditionnels dans les hebrides \u00e9cossaises, est l\u00e9ger et n\u00e9anmoins tr\u00e8s chaud. Il est tr\u00e8s r\u00e9sistant et peut supporter la pluie.<br \/>\nCe manteau mesure 103 cm au milieu du dos, 45 cm de largeur \u00e9paules et 55 cm de largeur poitrine. Il est fendu au dos.<br \/>\nDeux poches \u00e0 rabat<br \/>\nUne poche int\u00e9rieure.<br \/>\nLe manteau ne comporte pas d\u2019\u00e9paulettes.<br \/>\nNos boutons sont en mati\u00e8re v\u00e9g\u00e9tale recycl\u00e9e, notre doublure est en coton non teint, non blanchi.<\/p>\n<p><strong>Composition:<\/strong><br \/>\n100% laine et 100% cotton pour la doublure.<\/p>\n<p><strong>Instruction de lavage:<\/strong><br \/>\nNettoyage \u00e0 sec.<\/p>\n<hr \/>\n<p><em>This coat is made in authentic HARRIS TWEED.<\/em><br \/>\n<em>The fabric of HARRIS TWEED is hand woven in the outer Hebrides of Scotland.<\/em><br \/>\n<em>In 100% pure new wool, the HARRIS TWEED is light but very warm and also water resistant.<\/em><br \/>\n<em>With a masculine look but without padding at shoulders, this long coat is double breasted.<\/em><br \/>\n<em>The back side has a slit.<\/em><br \/>\n<em>One inside pocket.<\/em><br \/>\n<em>The length is 103 cm from centre back in size S.<\/em><br \/>\n<em>45 cm shoulder to shoulder and 55 cm chest width in size S.<\/em><br \/>\n<em>4 buttons at front side.<\/em><br \/>\n<em>Small buttons at cuff\u2019s sleeves.<\/em><br \/>\n<em>Our buttons are made with vegetable recycled material.<\/em><br \/>\n<em>The lining is in cotton, non dyed, non bleached.<\/em><\/p>\n<p><em><strong>Composition:<\/strong><\/em><br \/>\n<em>100% Wool, lining 100% cotton<\/em><\/p>\n<p><em><strong>Care instruction:<\/strong><\/em><br \/>\n<em>Dry cleaning<\/em><\/p>\n","protected":false},"featured_media":3379,"comment_status":"open","ping_status":"closed","template":"","meta":[],"etheme_brands":[],"product_cat":[39],"product_tag":[],"class_list":{"0":"post-3377","1":"product","2":"type-product","3":"status-publish","4":"has-post-thumbnail","6":"product_cat-jackets","8":"first","9":"outofstock","10":"shipping-taxable","11":"purchasable","12":"product-type-variable"},"_links":{"self":[{"href":"https:\/\/festoonmedia.com\/dev\/wp-json\/wp\/v2\/product\/3377","targetHints":{"allow":["GET"]}}],"collection":[{"href":"https:\/\/festoonmedia.com\/dev\/wp-json\/wp\/v2\/product"}],"about":[{"href":"https:\/\/festoonmedia.com\/dev\/wp-json\/wp\/v2\/types\/product"}],"replies":[{"embeddable":true,"href":"https:\/\/festoonmedia.com\/dev\/wp-json\/wp\/v2\/comments?post=3377"}],"version-history":[{"count":4,"href":"https:\/\/festoonmedia.com\/dev\/wp-json\/wp\/v2\/product\/3377\/revisions"}],"predecessor-version":[{"id":3568,"href":"https:\/\/festoonmedia.com\/dev\/wp-json\/wp\/v2\/product\/3377\/revisions\/3568"}],"wp:featuredmedia":[{"embeddable":true,"href":"https:\/\/festoonmedia.com\/dev\/wp-json\/wp\/v2\/media\/3379"}],"wp:attachment":[{"href":"https:\/\/festoonmedia.com\/dev\/wp-json\/wp\/v2\/media?parent=3377"}],"wp:term":[{"taxonomy":"brand","embeddable":true,"href":"https:\/\/festoonmedia.com\/dev\/wp-json\/wp\/v2\/etheme_brands?post=3377"},{"taxonomy":"product_cat","embeddable":true,"href":"https:\/\/festoonmedia.com\/dev\/wp-json\/wp\/v2\/product_cat?post=3377"},{"taxonomy":"product_tag","embeddable":true,"href":"https:\/\/festoonmedia.com\/dev\/wp-json\/wp\/v2\/product_tag?post=3377"}],"curies":[{"name":"wp","href":"https:\/\/api.w.org\/{rel}","templated":true}]}}