{"id":2051,"date":"2024-09-23T12:50:43","date_gmt":"2024-09-23T12:50:43","guid":{"rendered":"https:\/\/festoonmedia.com\/dev\/?post_type=product&#038;p=2051"},"modified":"2025-01-07T13:12:12","modified_gmt":"2025-01-07T13:12:12","slug":"blouse-eri-silk","status":"publish","type":"product","link":"https:\/\/festoonmedia.com\/dev\/product\/blouse-eri-silk\/","title":{"rendered":"BLOUSE ERI SILK"},"content":{"rendered":"","protected":false},"excerpt":{"rendered":"<p>Blouse en soie tiss\u00e9 main. Le tissu est une soie tr\u00e8s douce et en m\u00eame temps d\u2019aspect un peu brut.<br \/>\nLa couleur est non teinte, de la couleur naturelle de la soie.<br \/>\nPlis nervures le long de la patte d\u2019encolure. Fronces aux poignets.<br \/>\nBoutons en nacre.<br \/>\nNos tissus sont artisanaux et peuvent presenter des irr\u00e9gularit\u00e9s. C\u2019est ce qui fait leur charme et leur authenticit\u00e9.<\/p>\n<p><strong>Composition:<\/strong><br \/>\n100% Soie<\/p>\n<p><strong>Instruction De Lavage:<\/strong><br \/>\nLavage main eau froide ou en machine programme doux<\/p>\n<hr>\n<p><em>Shirt in handwoven silk, very simple and genuine cut.<br \/>\nThe fabric isa very soft raw silk, hand spun and woven in Assam.<br \/>\nTwo pleats along the placket collar, long sleeves, shell buttons.<br \/>\nSmall gathers at cuffs.<br \/>\nOur fabrics are handmade and might presents some irregularities. That is their charm and beauty.<\/p>\n<p><strong>Composition:<\/strong><br \/>\n100% Silk<\/p>\n<p><strong>Care instruction:<\/strong><br \/>\nHand washed on cold water, or machine on gentle program<\/em><\/p>\n","protected":false},"featured_media":2057,"comment_status":"open","ping_status":"closed","template":"","meta":[],"etheme_brands":[],"product_cat":[42],"product_tag":[],"class_list":{"0":"post-2051","1":"product","2":"type-product","3":"status-publish","4":"has-post-thumbnail","6":"product_cat-shirts","8":"first","9":"instock","10":"shipping-taxable","11":"purchasable","12":"product-type-variable"},"_links":{"self":[{"href":"https:\/\/festoonmedia.com\/dev\/wp-json\/wp\/v2\/product\/2051","targetHints":{"allow":["GET"]}}],"collection":[{"href":"https:\/\/festoonmedia.com\/dev\/wp-json\/wp\/v2\/product"}],"about":[{"href":"https:\/\/festoonmedia.com\/dev\/wp-json\/wp\/v2\/types\/product"}],"replies":[{"embeddable":true,"href":"https:\/\/festoonmedia.com\/dev\/wp-json\/wp\/v2\/comments?post=2051"}],"version-history":[{"count":4,"href":"https:\/\/festoonmedia.com\/dev\/wp-json\/wp\/v2\/product\/2051\/revisions"}],"predecessor-version":[{"id":3624,"href":"https:\/\/festoonmedia.com\/dev\/wp-json\/wp\/v2\/product\/2051\/revisions\/3624"}],"wp:featuredmedia":[{"embeddable":true,"href":"https:\/\/festoonmedia.com\/dev\/wp-json\/wp\/v2\/media\/2057"}],"wp:attachment":[{"href":"https:\/\/festoonmedia.com\/dev\/wp-json\/wp\/v2\/media?parent=2051"}],"wp:term":[{"taxonomy":"brand","embeddable":true,"href":"https:\/\/festoonmedia.com\/dev\/wp-json\/wp\/v2\/etheme_brands?post=2051"},{"taxonomy":"product_cat","embeddable":true,"href":"https:\/\/festoonmedia.com\/dev\/wp-json\/wp\/v2\/product_cat?post=2051"},{"taxonomy":"product_tag","embeddable":true,"href":"https:\/\/festoonmedia.com\/dev\/wp-json\/wp\/v2\/product_tag?post=2051"}],"curies":[{"name":"wp","href":"https:\/\/api.w.org\/{rel}","templated":true}]}}