{"id":1989,"date":"2024-11-08T08:05:33","date_gmt":"2024-11-08T08:05:33","guid":{"rendered":"https:\/\/festoonmedia.com\/dev\/?post_type=product&#038;p=1989"},"modified":"2025-01-07T13:06:51","modified_gmt":"2025-01-07T13:06:51","slug":"shirt-khadi-chikankari-noire","status":"publish","type":"product","link":"https:\/\/festoonmedia.com\/dev\/product\/shirt-khadi-chikankari-noire\/","title":{"rendered":"SHIRT KHADI CHIKANKARI NOIRE"},"content":{"rendered":"","protected":false},"excerpt":{"rendered":"<p>Chemise en khadi de coton, brod\u00e9e \u00e0 la main selon la technique du Chikankari, \u00e0 Lucknow.<br \/>\nCol rond, manches longues, l\u00e9g\u00e8res fronces aux poignets.<br \/>\nPlis nervures devant.<br \/>\nMini boutons recouverts.<br \/>\nLa chemise est brod\u00e9e de fils beiges.<br \/>\nLe khadi \u00e9tant tiss\u00e9 artisanalement, il peut pr\u00e9senter des irr\u00e9gularit\u00e9s. C\u2019est ce qui fait son charme et sa beaut\u00e9. Nos khadis viennent du Bengal.<\/p>\n<p><strong>Composition:<\/strong><br \/>\n100% coton<\/p>\n<p><strong>Instruction De Lavage:<\/strong><br \/>\nLavage main eau froide ou en machine programme doux.<\/p>\n<hr>\n<p><em>Shirt in cotton khadi, hand embroidered in Lucknow.<br \/>\nThis very traditional hand embroidery technique is called the Chikankari.<br \/>\nRound collar neck, long sleeves, covered buttons.<br \/>\nPin tuck pleats at the front side.<br \/>\nThe shirt is embroidered in color beige.<br \/>\nOur Khadi comes from west Bengal. As it is a very traditional weaving, it might get some irregularities. This is the beauty and the charm of the khadi.<\/p>\n<p><strong>Composition:<\/strong><br \/>\n100% cotton<\/p>\n<p><strong>Care instruction:<\/strong><br \/>\nHand washed on cold water, or machine on gentle program<\/em>.<\/p>\n","protected":false},"featured_media":1993,"comment_status":"open","ping_status":"closed","template":"","meta":[],"etheme_brands":[],"product_cat":[42],"product_tag":[],"class_list":{"0":"post-1989","1":"product","2":"type-product","3":"status-publish","4":"has-post-thumbnail","6":"product_cat-shirts","8":"first","9":"instock","10":"shipping-taxable","11":"purchasable","12":"product-type-variable"},"_links":{"self":[{"href":"https:\/\/festoonmedia.com\/dev\/wp-json\/wp\/v2\/product\/1989","targetHints":{"allow":["GET"]}}],"collection":[{"href":"https:\/\/festoonmedia.com\/dev\/wp-json\/wp\/v2\/product"}],"about":[{"href":"https:\/\/festoonmedia.com\/dev\/wp-json\/wp\/v2\/types\/product"}],"replies":[{"embeddable":true,"href":"https:\/\/festoonmedia.com\/dev\/wp-json\/wp\/v2\/comments?post=1989"}],"version-history":[{"count":5,"href":"https:\/\/festoonmedia.com\/dev\/wp-json\/wp\/v2\/product\/1989\/revisions"}],"predecessor-version":[{"id":3621,"href":"https:\/\/festoonmedia.com\/dev\/wp-json\/wp\/v2\/product\/1989\/revisions\/3621"}],"wp:featuredmedia":[{"embeddable":true,"href":"https:\/\/festoonmedia.com\/dev\/wp-json\/wp\/v2\/media\/1993"}],"wp:attachment":[{"href":"https:\/\/festoonmedia.com\/dev\/wp-json\/wp\/v2\/media?parent=1989"}],"wp:term":[{"taxonomy":"brand","embeddable":true,"href":"https:\/\/festoonmedia.com\/dev\/wp-json\/wp\/v2\/etheme_brands?post=1989"},{"taxonomy":"product_cat","embeddable":true,"href":"https:\/\/festoonmedia.com\/dev\/wp-json\/wp\/v2\/product_cat?post=1989"},{"taxonomy":"product_tag","embeddable":true,"href":"https:\/\/festoonmedia.com\/dev\/wp-json\/wp\/v2\/product_tag?post=1989"}],"curies":[{"name":"wp","href":"https:\/\/api.w.org\/{rel}","templated":true}]}}