{"id":1942,"date":"2024-11-13T08:43:03","date_gmt":"2024-11-13T08:43:03","guid":{"rendered":"https:\/\/festoonmedia.com\/dev\/?post_type=product&#038;p=1942"},"modified":"2025-01-06T10:51:18","modified_gmt":"2025-01-06T10:51:18","slug":"shirt-khadi-chikankari-blanche","status":"publish","type":"product","link":"https:\/\/festoonmedia.com\/dev\/product\/shirt-khadi-chikankari-blanche\/","title":{"rendered":"SHIRT KHADI CHIKANKARI BLANCHE"},"content":{"rendered":"","protected":false},"excerpt":{"rendered":"<p>Chemise en khadi de coton, brod\u00e9e \u00e0 la main selon la technique du Chikankari, \u00e0 Lucknow.<br \/>\nCol rond, manches longues, l\u00e9g\u00e8res fronces aux poignets.<br \/>\nPlis nervures devant.<br \/>\nmini boutons recouverts.<br \/>\nLa chemise est brod\u00e9e de fils beiges.<br \/>\nLe khadi \u00e9tant tiss\u00e9 artisanalement, il peut pr\u00e9senter des irr\u00e9gularit\u00e9s. C\u2019est ce qui fait son charme et sa beaut\u00e9. Nos khadis viennent du Bengal.<\/p>\n<p><strong>Composition:<\/strong><br \/>\n100% coton<\/p>\n<p><strong>Instruction De Lavage:<\/strong><br \/>\nLavage main eau froide ou en machine programme doux.<\/p>\n<hr \/>\n<p><em>Shirt in cotton khadi, hand embroidered in Lucknow.<\/em><br \/>\n<em>This very traditional hand embroidery technique is called the Chikankari.<\/em><br \/>\n<em>Round collar neck, long sleeves, covered buttons.<\/em><br \/>\n<em>Pin tuck pleats at the front side.<\/em><br \/>\n<em>The shirt is embroidered in color beige.<\/em><br \/>\n<em>Our Khadi comes from west Bengal. As it is a very traditional weaving, it might get some irregularities. This is the beauty and the charm of the khadi.<\/em><\/p>\n<p><em><strong>Composition:<\/strong><\/em><br \/>\n<em>100% cotton<\/em><\/p>\n<p><em><strong>Care instruction:<\/strong><\/em><br \/>\n<em>Hand washed on cold water, or machine on gentle program.<\/em><\/p>\n","protected":false},"featured_media":1972,"comment_status":"open","ping_status":"closed","template":"","meta":[],"etheme_brands":[],"product_cat":[42],"product_tag":[],"class_list":{"0":"post-1942","1":"product","2":"type-product","3":"status-publish","4":"has-post-thumbnail","6":"product_cat-shirts","8":"first","9":"instock","10":"shipping-taxable","11":"purchasable","12":"product-type-variable"},"_links":{"self":[{"href":"https:\/\/festoonmedia.com\/dev\/wp-json\/wp\/v2\/product\/1942","targetHints":{"allow":["GET"]}}],"collection":[{"href":"https:\/\/festoonmedia.com\/dev\/wp-json\/wp\/v2\/product"}],"about":[{"href":"https:\/\/festoonmedia.com\/dev\/wp-json\/wp\/v2\/types\/product"}],"replies":[{"embeddable":true,"href":"https:\/\/festoonmedia.com\/dev\/wp-json\/wp\/v2\/comments?post=1942"}],"version-history":[{"count":4,"href":"https:\/\/festoonmedia.com\/dev\/wp-json\/wp\/v2\/product\/1942\/revisions"}],"predecessor-version":[{"id":3457,"href":"https:\/\/festoonmedia.com\/dev\/wp-json\/wp\/v2\/product\/1942\/revisions\/3457"}],"wp:featuredmedia":[{"embeddable":true,"href":"https:\/\/festoonmedia.com\/dev\/wp-json\/wp\/v2\/media\/1972"}],"wp:attachment":[{"href":"https:\/\/festoonmedia.com\/dev\/wp-json\/wp\/v2\/media?parent=1942"}],"wp:term":[{"taxonomy":"brand","embeddable":true,"href":"https:\/\/festoonmedia.com\/dev\/wp-json\/wp\/v2\/etheme_brands?post=1942"},{"taxonomy":"product_cat","embeddable":true,"href":"https:\/\/festoonmedia.com\/dev\/wp-json\/wp\/v2\/product_cat?post=1942"},{"taxonomy":"product_tag","embeddable":true,"href":"https:\/\/festoonmedia.com\/dev\/wp-json\/wp\/v2\/product_tag?post=1942"}],"curies":[{"name":"wp","href":"https:\/\/api.w.org\/{rel}","templated":true}]}}